{"id":2515,"date":"2021-11-26T15:27:16","date_gmt":"2021-11-26T14:27:16","guid":{"rendered":"https:\/\/industrie.mediatd.com\/divers\/mtibaa\/presentation\/"},"modified":"2021-12-02T08:36:57","modified_gmt":"2021-12-02T07:36:57","slug":"presentation","status":"publish","type":"page","link":"https:\/\/www.mtibaa-ressorts.com\/en\/presentation\/","title":{"rendered":"Presentation"},"content":{"rendered":"<p>[vc_row full_width=&#8221;stretch_row_content&#8221; css=&#8221;.vc_custom_1638372291180{margin-top: 0px !important;margin-right: 0px !important;margin-bottom: 0px !important;margin-left: 0px !important;border-top-width: 0px !important;border-right-width: 0px !important;border-bottom-width: 0px !important;border-left-width: 0px !important;padding-top: 0px !important;padding-right: 0px !important;padding-bottom: 0px !important;padding-left: 0px !important;background-image: url(https:\/\/www.mtibaa-ressorts.com\/wp-content\/uploads\/2021\/11\/frame-1-1.jpg?id=2741) !important;background-position: center !important;background-repeat: no-repeat !important;background-size: cover !important;}&#8221; el_class=&#8221;page-banner&#8221;][vc_column][\/vc_column][\/vc_row][vc_row el_class=&#8221;page-titre&#8221;][vc_column][vc_column_text css_animation=&#8221;top-to-bottom&#8221;]<\/p>\n<h2>Pr\u00e9sentation<\/h2>\n<p>[\/vc_column_text][\/vc_column][\/vc_row][vc_row gap=&#8221;10&#8243; equal_height=&#8221;yes&#8221; css=&#8221;.vc_custom_1636619408493{padding-top: 5px !important;}&#8221;][vc_column css_animation=&#8221;fadeInUp&#8221; width=&#8221;1\/3&#8243; css=&#8221;.vc_custom_1507638356593{padding-right: 50px !important;padding-left: 50px !important;background-color: #e8e8e8 !important;}&#8221;][vc_column_text]<strong><span style=\"color: #ffcc00;\">E<\/span> T S <span style=\"color: #ffcc00;\"> M <\/span>T I B A A <span style=\"color: #ffcc00;\">H<\/span> A M A D <\/strong>is a Tunisian company specializing in the manufacture of<strong> industrial springs<\/strong> from Unit to Large Series.Since its creation in\u2026 .., MTIBAA ressort immediately positioned itself in the manufacture of custom springs for its customers. Both simple and complex in appearance, it is important to observe that a spring performs a unique function, the one the customer expects.With \u2026\u2026 years of experience, we are a team of \u2026\u2026\u2026 employees with business know-how transmitted and mastered. The company is located in the governorate of Sfax in Tunisia<\/p>\n<p>[\/vc_column_text][\/vc_column][vc_column css_animation=&#8221;fadeInUp&#8221; width=&#8221;1\/3&#8243; css=&#8221;.vc_custom_1507638364029{padding-right: 50px !important;padding-left: 50px !important;background-color: #eeeeee !important;}&#8221;][vc_column_text]We are specialized in the manufacture of <strong>all types of tailor-made springs<\/strong> adapted to your needs: <strong>compression spring, tension spring, torsion spring, simple or complex formed wire part, strip part.<\/strong>Equipped with a technical service always attentive to the customer, we support you in the development of new product (feasibility study, spring calculation, plan, etc.).Our account managers are always at your disposal to support you throughout our discussions, from your first informal requests for assistance with design or feasibility, through costing, production launches, to follow-up. &#8221; a special delivery, while having followed the manufacture of your custom-made springs if necessary.Entrust us with your spring manufacturing needs, we will be committed to finding simple and tailor-made solutions.[\/vc_column_text][\/vc_column][vc_column css_animation=&#8221;fadeInUp&#8221; width=&#8221;1\/3&#8243; css=&#8221;.vc_custom_1507638347402{padding-right: 50px !important;padding-left: 50px !important;background-color: #f2f2f2 !important;}&#8221;][vc_column_text css=&#8221;.vc_custom_1636616232442{margin-bottom: 20px !important;}&#8221;]<strong>Our<\/strong> work guidelines[\/vc_column_text][vc_progress_bar values=&#8221;%5B%7B%22label%22%3A%22Qualit%C3%A9%20%22%2C%22value%22%3A%2295%22%7D%2C%7B%22label%22%3A%22Service%20%22%2C%22value%22%3A%2285%22%7D%2C%7B%22label%22%3A%22Cr%C3%A9ativit%C3%A9%22%2C%22value%22%3A%2270%22%7D%5D&#8221; bgcolor=&#8221;custom&#8221; custombgcolor=&#8221;#f7c016&#8243; customtxtcolor=&#8221;#ffffff&#8221;][\/vc_column][\/vc_row]<\/p>\n","protected":false},"excerpt":{"rendered":"<p>[vc_row full_width=&#8221;stretch_row_content&#8221; css=&#8221;.vc_custom_1638372291180{margin-top: 0px !important;margin-right: 0px !important;margin-bottom: 0px !important;margin-left: 0px !important;border-top-width: 0px !important;border-right-width: 0px !important;border-bottom-width: 0px !important;border-left-width: 0px !important;padding-top: 0px !important;padding-right: 0px !important;padding-bottom: 0px !important;padding-left: 0px !important;background-image: url(https:\/\/www.mtibaa-ressorts.com\/wp-content\/uploads\/2021\/11\/frame-1-1.jpg?id=2741) !important;background-position: center !important;background-repeat: no-repeat !important;background-size: cover !important;}&#8221; el_class=&#8221;page-banner&#8221;][vc_column][\/vc_column][\/vc_row][vc_row el_class=&#8221;page-titre&#8221;][vc_column][vc_column_text css_animation=&#8221;top-to-bottom&#8221;] Pr\u00e9sentation [\/vc_column_text][\/vc_column][\/vc_row][vc_row gap=&#8221;10&#8243; equal_height=&#8221;yes&#8221; css=&#8221;.vc_custom_1636619408493{padding-top: 5px !important;}&#8221;][vc_column css_animation=&#8221;fadeInUp&#8221; width=&#8221;1\/3&#8243; css=&#8221;.vc_custom_1507638356593{padding-right: 50px !important;padding-left: 50px !important;background-color: #e8e8e8 !important;}&#8221;][vc_column_text]E T&hellip;<\/p>\n","protected":false},"author":1,"featured_media":0,"parent":0,"menu_order":0,"comment_status":"closed","ping_status":"closed","template":"","meta":[],"yoast_head":"<!-- This site is optimized with the Yoast SEO plugin v19.9 - https:\/\/yoast.com\/wordpress\/plugins\/seo\/ -->\n<title>Presentation | Mtibaa Ressorts Tunisie<\/title>\n<meta name=\"description\" content=\"mtibaa ressorts tunisie, ressort tunisie, fabrication de ressorts tunisie, fils m\u00e9talliques tunisie,ressorts industriels tunisie, ressort de compression tunisie, ressort de traction tunisie, ressort de torsion tunisie, ressort sur-mesure tunisie, ressort de forme tunisie, collier de serrage tunisie, elingue de s\u00e9curit\u00e9 tunisie, tapis m\u00e9tallique tunisie, filetage tunisie, grilles m\u00e9talliques tunisie, fabrication de grilles m\u00e9tallique tunisie, :[fr]mtibaa ressorts tunisia, tunisia spring, manufacture of springs tunisia, metal wire tunisia, industrial springs tunisia, tunisia compression spring, tunisia extension spring, torsion spring tunisia, tailor-made spring tunisia, tunisia shape spring, tunisia clamp, tunisia clamp, security sling tunisia, metallic carpet tunisia, tunisia thread, metal grids tunisia, manufacturing of metal grids tunisia, :[en]\" \/>\n<meta name=\"robots\" content=\"index, follow, max-snippet:-1, max-image-preview:large, max-video-preview:-1\" \/>\n<link rel=\"canonical\" href=\"https:\/\/www.mtibaa-ressorts.com\/en\/presentation\/\" \/>\n<meta property=\"og:locale\" content=\"en_US\" \/>\n<meta property=\"og:type\" content=\"article\" \/>\n<meta property=\"og:title\" content=\"Presentation | Mtibaa Ressorts Tunisie\" \/>\n<meta property=\"og:description\" content=\"mtibaa ressorts tunisie, ressort tunisie, fabrication de ressorts tunisie, fils m\u00e9talliques tunisie,ressorts industriels tunisie, ressort de compression tunisie, ressort de traction tunisie, ressort de torsion tunisie, ressort sur-mesure tunisie, ressort de forme tunisie, collier de serrage tunisie, elingue de s\u00e9curit\u00e9 tunisie, tapis m\u00e9tallique tunisie, filetage tunisie, grilles m\u00e9talliques tunisie, fabrication de grilles m\u00e9tallique tunisie, :[fr]mtibaa ressorts tunisia, tunisia spring, manufacture of springs tunisia, metal wire tunisia, industrial springs tunisia, tunisia compression spring, tunisia extension spring, torsion spring tunisia, tailor-made spring tunisia, tunisia shape spring, tunisia clamp, tunisia clamp, security sling tunisia, metallic carpet tunisia, tunisia thread, metal grids tunisia, manufacturing of metal grids tunisia, :[en]\" \/>\n<meta property=\"og:url\" content=\"https:\/\/www.mtibaa-ressorts.com\/en\/presentation\/\" \/>\n<meta property=\"og:site_name\" content=\"Mtibaa Ressorts Tunisie\" \/>\n<meta property=\"article:modified_time\" content=\"2021-12-02T07:36:57+00:00\" \/>\n<meta name=\"twitter:card\" content=\"summary_large_image\" \/>\n<meta name=\"twitter:label1\" content=\"Est. reading time\" \/>\n\t<meta name=\"twitter:data1\" content=\"2 minutes\" \/>\n<script type=\"application\/ld+json\" class=\"yoast-schema-graph\">{\"@context\":\"https:\/\/schema.org\",\"@graph\":[{\"@type\":\"WebPage\",\"@id\":\"https:\/\/www.mtibaa-ressorts.com\/en\/presentation\/\",\"url\":\"https:\/\/www.mtibaa-ressorts.com\/en\/presentation\/\",\"name\":\"Presentation | Mtibaa Ressorts Tunisie\",\"isPartOf\":{\"@id\":\"https:\/\/www.mtibaa-ressorts.com\/#website\"},\"datePublished\":\"2021-11-26T14:27:16+00:00\",\"dateModified\":\"2021-12-02T07:36:57+00:00\",\"description\":\"mtibaa ressorts tunisie, ressort tunisie, fabrication de ressorts tunisie, fils m\u00e9talliques tunisie,ressorts industriels tunisie, ressort de compression tunisie, ressort de traction tunisie, ressort de torsion tunisie, ressort sur-mesure tunisie, ressort de forme tunisie, collier de serrage tunisie, elingue de s\u00e9curit\u00e9 tunisie, tapis m\u00e9tallique tunisie, filetage tunisie, grilles m\u00e9talliques tunisie, fabrication de grilles m\u00e9tallique tunisie, :[fr]mtibaa ressorts tunisia, tunisia spring, manufacture of springs tunisia, metal wire tunisia, industrial springs tunisia, tunisia compression spring, tunisia extension spring, torsion spring tunisia, tailor-made spring tunisia, tunisia shape spring, tunisia clamp, tunisia clamp, security sling tunisia, metallic carpet tunisia, tunisia thread, metal grids tunisia, manufacturing of metal grids tunisia, :[en]\",\"breadcrumb\":{\"@id\":\"https:\/\/www.mtibaa-ressorts.com\/en\/presentation\/#breadcrumb\"},\"inLanguage\":\"en-US\",\"potentialAction\":[{\"@type\":\"ReadAction\",\"target\":[\"https:\/\/www.mtibaa-ressorts.com\/en\/presentation\/\"]}]},{\"@type\":\"BreadcrumbList\",\"@id\":\"https:\/\/www.mtibaa-ressorts.com\/en\/presentation\/#breadcrumb\",\"itemListElement\":[{\"@type\":\"ListItem\",\"position\":1,\"name\":\"Accueil\",\"item\":\"https:\/\/www.mtibaa-ressorts.com\/en\/\"},{\"@type\":\"ListItem\",\"position\":2,\"name\":\"Presentation\"}]},{\"@type\":\"WebSite\",\"@id\":\"https:\/\/www.mtibaa-ressorts.com\/#website\",\"url\":\"https:\/\/www.mtibaa-ressorts.com\/\",\"name\":\"Mtibaa Ressorts Tunisie\",\"description\":\"mtibaa ressorts tunisie, ressort tunisie, fabrication de ressorts tunisie, fils m\u00e9talliques tunisie,ressorts industriels tunisie, ressort de compression tunisie, ressort de traction tunisie, ressort de torsion tunisie, ressort sur-mesure tunisie, ressort de forme tunisie, collier de serrage tunisie, elingue de s\u00e9curit\u00e9 tunisie, tapis m\u00e9tallique tunisie, filetage tunisie, grilles m\u00e9talliques tunisie, fabrication de grilles m\u00e9tallique tunisie, :[fr]mtibaa ressorts tunisia, tunisia spring, manufacture of springs tunisia, metal wire tunisia, industrial springs tunisia, tunisia compression spring, tunisia extension spring, torsion spring tunisia, tailor-made spring tunisia, tunisia shape spring, tunisia clamp, tunisia clamp, security sling tunisia, metallic carpet tunisia, tunisia thread, metal grids tunisia, manufacturing of metal grids tunisia, :[en]\",\"potentialAction\":[{\"@type\":\"SearchAction\",\"target\":{\"@type\":\"EntryPoint\",\"urlTemplate\":\"https:\/\/www.mtibaa-ressorts.com\/?s={search_term_string}\"},\"query-input\":\"required name=search_term_string\"}],\"inLanguage\":\"en-US\"}]}<\/script>\n<!-- \/ Yoast SEO plugin. -->","yoast_head_json":{"title":"Presentation | Mtibaa Ressorts Tunisie","description":"mtibaa ressorts tunisie, ressort tunisie, fabrication de ressorts tunisie, fils m\u00e9talliques tunisie,ressorts industriels tunisie, ressort de compression tunisie, ressort de traction tunisie, ressort de torsion tunisie, ressort sur-mesure tunisie, ressort de forme tunisie, collier de serrage tunisie, elingue de s\u00e9curit\u00e9 tunisie, tapis m\u00e9tallique tunisie, filetage tunisie, grilles m\u00e9talliques tunisie, fabrication de grilles m\u00e9tallique tunisie, :[fr]mtibaa ressorts tunisia, tunisia spring, manufacture of springs tunisia, metal wire tunisia, industrial springs tunisia, tunisia compression spring, tunisia extension spring, torsion spring tunisia, tailor-made spring tunisia, tunisia shape spring, tunisia clamp, tunisia clamp, security sling tunisia, metallic carpet tunisia, tunisia thread, metal grids tunisia, manufacturing of metal grids tunisia, :[en]","robots":{"index":"index","follow":"follow","max-snippet":"max-snippet:-1","max-image-preview":"max-image-preview:large","max-video-preview":"max-video-preview:-1"},"canonical":"https:\/\/www.mtibaa-ressorts.com\/en\/presentation\/","og_locale":"en_US","og_type":"article","og_title":"Presentation | Mtibaa Ressorts Tunisie","og_description":"mtibaa ressorts tunisie, ressort tunisie, fabrication de ressorts tunisie, fils m\u00e9talliques tunisie,ressorts industriels tunisie, ressort de compression tunisie, ressort de traction tunisie, ressort de torsion tunisie, ressort sur-mesure tunisie, ressort de forme tunisie, collier de serrage tunisie, elingue de s\u00e9curit\u00e9 tunisie, tapis m\u00e9tallique tunisie, filetage tunisie, grilles m\u00e9talliques tunisie, fabrication de grilles m\u00e9tallique tunisie, :[fr]mtibaa ressorts tunisia, tunisia spring, manufacture of springs tunisia, metal wire tunisia, industrial springs tunisia, tunisia compression spring, tunisia extension spring, torsion spring tunisia, tailor-made spring tunisia, tunisia shape spring, tunisia clamp, tunisia clamp, security sling tunisia, metallic carpet tunisia, tunisia thread, metal grids tunisia, manufacturing of metal grids tunisia, :[en]","og_url":"https:\/\/www.mtibaa-ressorts.com\/en\/presentation\/","og_site_name":"Mtibaa Ressorts Tunisie","article_modified_time":"2021-12-02T07:36:57+00:00","twitter_card":"summary_large_image","twitter_misc":{"Est. reading time":"2 minutes"},"schema":{"@context":"https:\/\/schema.org","@graph":[{"@type":"WebPage","@id":"https:\/\/www.mtibaa-ressorts.com\/en\/presentation\/","url":"https:\/\/www.mtibaa-ressorts.com\/en\/presentation\/","name":"Presentation | Mtibaa Ressorts Tunisie","isPartOf":{"@id":"https:\/\/www.mtibaa-ressorts.com\/#website"},"datePublished":"2021-11-26T14:27:16+00:00","dateModified":"2021-12-02T07:36:57+00:00","description":"mtibaa ressorts tunisie, ressort tunisie, fabrication de ressorts tunisie, fils m\u00e9talliques tunisie,ressorts industriels tunisie, ressort de compression tunisie, ressort de traction tunisie, ressort de torsion tunisie, ressort sur-mesure tunisie, ressort de forme tunisie, collier de serrage tunisie, elingue de s\u00e9curit\u00e9 tunisie, tapis m\u00e9tallique tunisie, filetage tunisie, grilles m\u00e9talliques tunisie, fabrication de grilles m\u00e9tallique tunisie, :[fr]mtibaa ressorts tunisia, tunisia spring, manufacture of springs tunisia, metal wire tunisia, industrial springs tunisia, tunisia compression spring, tunisia extension spring, torsion spring tunisia, tailor-made spring tunisia, tunisia shape spring, tunisia clamp, tunisia clamp, security sling tunisia, metallic carpet tunisia, tunisia thread, metal grids tunisia, manufacturing of metal grids tunisia, :[en]","breadcrumb":{"@id":"https:\/\/www.mtibaa-ressorts.com\/en\/presentation\/#breadcrumb"},"inLanguage":"en-US","potentialAction":[{"@type":"ReadAction","target":["https:\/\/www.mtibaa-ressorts.com\/en\/presentation\/"]}]},{"@type":"BreadcrumbList","@id":"https:\/\/www.mtibaa-ressorts.com\/en\/presentation\/#breadcrumb","itemListElement":[{"@type":"ListItem","position":1,"name":"Accueil","item":"https:\/\/www.mtibaa-ressorts.com\/en\/"},{"@type":"ListItem","position":2,"name":"Presentation"}]},{"@type":"WebSite","@id":"https:\/\/www.mtibaa-ressorts.com\/#website","url":"https:\/\/www.mtibaa-ressorts.com\/","name":"Mtibaa Ressorts Tunisie","description":"mtibaa ressorts tunisie, ressort tunisie, fabrication de ressorts tunisie, fils m\u00e9talliques tunisie,ressorts industriels tunisie, ressort de compression tunisie, ressort de traction tunisie, ressort de torsion tunisie, ressort sur-mesure tunisie, ressort de forme tunisie, collier de serrage tunisie, elingue de s\u00e9curit\u00e9 tunisie, tapis m\u00e9tallique tunisie, filetage tunisie, grilles m\u00e9talliques tunisie, fabrication de grilles m\u00e9tallique tunisie, :[fr]mtibaa ressorts tunisia, tunisia spring, manufacture of springs tunisia, metal wire tunisia, industrial springs tunisia, tunisia compression spring, tunisia extension spring, torsion spring tunisia, tailor-made spring tunisia, tunisia shape spring, tunisia clamp, tunisia clamp, security sling tunisia, metallic carpet tunisia, tunisia thread, metal grids tunisia, manufacturing of metal grids tunisia, :[en]","potentialAction":[{"@type":"SearchAction","target":{"@type":"EntryPoint","urlTemplate":"https:\/\/www.mtibaa-ressorts.com\/?s={search_term_string}"},"query-input":"required name=search_term_string"}],"inLanguage":"en-US"}]}},"_links":{"self":[{"href":"https:\/\/www.mtibaa-ressorts.com\/en\/wp-json\/wp\/v2\/pages\/2515"}],"collection":[{"href":"https:\/\/www.mtibaa-ressorts.com\/en\/wp-json\/wp\/v2\/pages"}],"about":[{"href":"https:\/\/www.mtibaa-ressorts.com\/en\/wp-json\/wp\/v2\/types\/page"}],"author":[{"embeddable":true,"href":"https:\/\/www.mtibaa-ressorts.com\/en\/wp-json\/wp\/v2\/users\/1"}],"replies":[{"embeddable":true,"href":"https:\/\/www.mtibaa-ressorts.com\/en\/wp-json\/wp\/v2\/comments?post=2515"}],"version-history":[{"count":8,"href":"https:\/\/www.mtibaa-ressorts.com\/en\/wp-json\/wp\/v2\/pages\/2515\/revisions"}],"predecessor-version":[{"id":3058,"href":"https:\/\/www.mtibaa-ressorts.com\/en\/wp-json\/wp\/v2\/pages\/2515\/revisions\/3058"}],"wp:attachment":[{"href":"https:\/\/www.mtibaa-ressorts.com\/en\/wp-json\/wp\/v2\/media?parent=2515"}],"curies":[{"name":"wp","href":"https:\/\/api.w.org\/{rel}","templated":true}]}}