{"id":2522,"date":"2021-11-26T15:44:06","date_gmt":"2021-11-26T14:44:06","guid":{"rendered":"https:\/\/industrie.mediatd.com\/divers\/mtibaa\/news\/"},"modified":"2021-12-02T08:40:12","modified_gmt":"2021-12-02T07:40:12","slug":"news","status":"publish","type":"page","link":"https:\/\/www.mtibaa-ressorts.com\/en\/news\/","title":{"rendered":"News"},"content":{"rendered":"<p>[vc_row full_width=&#8221;stretch_row_content&#8221; css=&#8221;.vc_custom_1638388534449{margin-top: 0px !important;margin-right: 0px !important;margin-bottom: 0px !important;margin-left: 0px !important;border-top-width: 0px !important;border-right-width: 0px !important;border-bottom-width: 0px !important;border-left-width: 0px !important;padding-top: 0px !important;padding-right: 0px !important;padding-bottom: 0px !important;padding-left: 0px !important;background-image: url(https:\/\/www.mtibaa-ressorts.com\/wp-content\/uploads\/2021\/11\/actualite.jpg?id=2871) !important;background-position: center !important;background-repeat: no-repeat !important;background-size: cover !important;}&#8221; el_class=&#8221;page-banner&#8221;][vc_column][\/vc_column][\/vc_row][vc_row el_class=&#8221;page-titre&#8221;][vc_column][vc_column_text css_animation=&#8221;top-to-bottom&#8221;]<\/p>\n<h2>News<\/h2>\n<p>[\/vc_column_text][\/vc_column][\/vc_row][vc_row css=&#8221;.vc_custom_1507719318308{padding-top: 35px !important;padding-bottom: 35px !important;}&#8221;][vc_column][lab_blog_posts blog_posts_options=&#8221;date,excerpt&#8221; hover_layer_icon=&#8221;animated-eye&#8221; more_link=&#8221;url:https%3A%2F%2Fdemo-content.kaliumtheme.com%2Fconstruction%2Fnews%2F|||&#8221; blog_query=&#8221;size:All|order_by:date|order:DESC|post_type:post|categories:53&#8243; image_size=&#8221;520&#215;416&#8243; css=&#8221;.vc_custom_1636628591325{margin-bottom: 0px !important;}&#8221; el_class=&#8221;blog-news-hide-excerpt blocnews&#8221;][\/vc_column][\/vc_row]<\/p>\n","protected":false},"excerpt":{"rendered":"<p>[vc_row full_width=&#8221;stretch_row_content&#8221; css=&#8221;.vc_custom_1638388534449{margin-top: 0px !important;margin-right: 0px !important;margin-bottom: 0px !important;margin-left: 0px !important;border-top-width: 0px !important;border-right-width: 0px !important;border-bottom-width: 0px !important;border-left-width: 0px !important;padding-top: 0px !important;padding-right: 0px !important;padding-bottom: 0px !important;padding-left: 0px !important;background-image: url(https:\/\/www.mtibaa-ressorts.com\/wp-content\/uploads\/2021\/11\/actualite.jpg?id=2871) !important;background-position: center !important;background-repeat: no-repeat !important;background-size: cover !important;}&#8221; el_class=&#8221;page-banner&#8221;][vc_column][\/vc_column][\/vc_row][vc_row el_class=&#8221;page-titre&#8221;][vc_column][vc_column_text css_animation=&#8221;top-to-bottom&#8221;] News [\/vc_column_text][\/vc_column][\/vc_row][vc_row css=&#8221;.vc_custom_1507719318308{padding-top: 35px !important;padding-bottom: 35px !important;}&#8221;][vc_column][lab_blog_posts blog_posts_options=&#8221;date,excerpt&#8221; hover_layer_icon=&#8221;animated-eye&#8221; more_link=&#8221;url:https%3A%2F%2Fdemo-content.kaliumtheme.com%2Fconstruction%2Fnews%2F|||&#8221; blog_query=&#8221;size:All|order_by:date|order:DESC|post_type:post|categories:53&#8243; image_size=&#8221;520&#215;416&#8243; css=&#8221;.vc_custom_1636628591325{margin-bottom: 0px !important;}&#8221; el_class=&#8221;blog-news-hide-excerpt blocnews&#8221;][\/vc_column][\/vc_row]<\/p>\n","protected":false},"author":1,"featured_media":0,"parent":0,"menu_order":0,"comment_status":"closed","ping_status":"closed","template":"","meta":[],"yoast_head":"<!-- This site is optimized with the Yoast SEO plugin v19.9 - https:\/\/yoast.com\/wordpress\/plugins\/seo\/ -->\n<title>News | Mtibaa Ressorts Tunisie<\/title>\n<meta name=\"description\" content=\"mtibaa ressorts tunisie, ressort tunisie, fabrication de ressorts tunisie, fils m\u00e9talliques tunisie,ressorts industriels tunisie, ressort de compression tunisie, ressort de traction tunisie, ressort de torsion tunisie, ressort sur-mesure tunisie, ressort de forme tunisie, collier de serrage tunisie, elingue de s\u00e9curit\u00e9 tunisie, tapis m\u00e9tallique tunisie, filetage tunisie, grilles m\u00e9talliques tunisie, fabrication de grilles m\u00e9tallique tunisie, :[fr]mtibaa ressorts tunisia, tunisia spring, manufacture of springs tunisia, metal wire tunisia, industrial springs tunisia, tunisia compression spring, tunisia extension spring, torsion spring tunisia, tailor-made spring tunisia, tunisia shape spring, tunisia clamp, tunisia clamp, security sling tunisia, metallic carpet tunisia, tunisia thread, metal grids tunisia, manufacturing of metal grids tunisia, :[en]\" \/>\n<meta name=\"robots\" content=\"index, follow, max-snippet:-1, max-image-preview:large, max-video-preview:-1\" \/>\n<link rel=\"canonical\" href=\"https:\/\/www.mtibaa-ressorts.com\/en\/news\/\" \/>\n<meta property=\"og:locale\" content=\"en_US\" \/>\n<meta property=\"og:type\" content=\"article\" \/>\n<meta property=\"og:title\" content=\"News | Mtibaa Ressorts Tunisie\" \/>\n<meta property=\"og:description\" content=\"mtibaa ressorts tunisie, ressort tunisie, fabrication de ressorts tunisie, fils m\u00e9talliques tunisie,ressorts industriels tunisie, ressort de compression tunisie, ressort de traction tunisie, ressort de torsion tunisie, ressort sur-mesure tunisie, ressort de forme tunisie, collier de serrage tunisie, elingue de s\u00e9curit\u00e9 tunisie, tapis m\u00e9tallique tunisie, filetage tunisie, grilles m\u00e9talliques tunisie, fabrication de grilles m\u00e9tallique tunisie, :[fr]mtibaa ressorts tunisia, tunisia spring, manufacture of springs tunisia, metal wire tunisia, industrial springs tunisia, tunisia compression spring, tunisia extension spring, torsion spring tunisia, tailor-made spring tunisia, tunisia shape spring, tunisia clamp, tunisia clamp, security sling tunisia, metallic carpet tunisia, tunisia thread, metal grids tunisia, manufacturing of metal grids tunisia, :[en]\" \/>\n<meta property=\"og:url\" content=\"https:\/\/www.mtibaa-ressorts.com\/en\/news\/\" \/>\n<meta property=\"og:site_name\" content=\"Mtibaa Ressorts Tunisie\" \/>\n<meta property=\"article:modified_time\" content=\"2021-12-02T07:40:12+00:00\" \/>\n<meta name=\"twitter:card\" content=\"summary_large_image\" \/>\n<meta name=\"twitter:label1\" content=\"Est. reading time\" \/>\n\t<meta name=\"twitter:data1\" content=\"1 minute\" \/>\n<script type=\"application\/ld+json\" class=\"yoast-schema-graph\">{\"@context\":\"https:\/\/schema.org\",\"@graph\":[{\"@type\":\"WebPage\",\"@id\":\"https:\/\/www.mtibaa-ressorts.com\/en\/news\/\",\"url\":\"https:\/\/www.mtibaa-ressorts.com\/en\/news\/\",\"name\":\"News | Mtibaa Ressorts Tunisie\",\"isPartOf\":{\"@id\":\"https:\/\/www.mtibaa-ressorts.com\/#website\"},\"datePublished\":\"2021-11-26T14:44:06+00:00\",\"dateModified\":\"2021-12-02T07:40:12+00:00\",\"description\":\"mtibaa ressorts tunisie, ressort tunisie, fabrication de ressorts tunisie, fils m\u00e9talliques tunisie,ressorts industriels tunisie, ressort de compression tunisie, ressort de traction tunisie, ressort de torsion tunisie, ressort sur-mesure tunisie, ressort de forme tunisie, collier de serrage tunisie, elingue de s\u00e9curit\u00e9 tunisie, tapis m\u00e9tallique tunisie, filetage tunisie, grilles m\u00e9talliques tunisie, fabrication de grilles m\u00e9tallique tunisie, :[fr]mtibaa ressorts tunisia, tunisia spring, manufacture of springs tunisia, metal wire tunisia, industrial springs tunisia, tunisia compression spring, tunisia extension spring, torsion spring tunisia, tailor-made spring tunisia, tunisia shape spring, tunisia clamp, tunisia clamp, security sling tunisia, metallic carpet tunisia, tunisia thread, metal grids tunisia, manufacturing of metal grids tunisia, :[en]\",\"breadcrumb\":{\"@id\":\"https:\/\/www.mtibaa-ressorts.com\/en\/news\/#breadcrumb\"},\"inLanguage\":\"en-US\",\"potentialAction\":[{\"@type\":\"ReadAction\",\"target\":[\"https:\/\/www.mtibaa-ressorts.com\/en\/news\/\"]}]},{\"@type\":\"BreadcrumbList\",\"@id\":\"https:\/\/www.mtibaa-ressorts.com\/en\/news\/#breadcrumb\",\"itemListElement\":[{\"@type\":\"ListItem\",\"position\":1,\"name\":\"Accueil\",\"item\":\"https:\/\/www.mtibaa-ressorts.com\/en\/\"},{\"@type\":\"ListItem\",\"position\":2,\"name\":\"News\"}]},{\"@type\":\"WebSite\",\"@id\":\"https:\/\/www.mtibaa-ressorts.com\/#website\",\"url\":\"https:\/\/www.mtibaa-ressorts.com\/\",\"name\":\"Mtibaa Ressorts Tunisie\",\"description\":\"mtibaa ressorts tunisie, ressort tunisie, fabrication de ressorts tunisie, fils m\u00e9talliques tunisie,ressorts industriels tunisie, ressort de compression tunisie, ressort de traction tunisie, ressort de torsion tunisie, ressort sur-mesure tunisie, ressort de forme tunisie, collier de serrage tunisie, elingue de s\u00e9curit\u00e9 tunisie, tapis m\u00e9tallique tunisie, filetage tunisie, grilles m\u00e9talliques tunisie, fabrication de grilles m\u00e9tallique tunisie, :[fr]mtibaa ressorts tunisia, tunisia spring, manufacture of springs tunisia, metal wire tunisia, industrial springs tunisia, tunisia compression spring, tunisia extension spring, torsion spring tunisia, tailor-made spring tunisia, tunisia shape spring, tunisia clamp, tunisia clamp, security sling tunisia, metallic carpet tunisia, tunisia thread, metal grids tunisia, manufacturing of metal grids tunisia, :[en]\",\"potentialAction\":[{\"@type\":\"SearchAction\",\"target\":{\"@type\":\"EntryPoint\",\"urlTemplate\":\"https:\/\/www.mtibaa-ressorts.com\/?s={search_term_string}\"},\"query-input\":\"required name=search_term_string\"}],\"inLanguage\":\"en-US\"}]}<\/script>\n<!-- \/ Yoast SEO plugin. -->","yoast_head_json":{"title":"News | Mtibaa Ressorts Tunisie","description":"mtibaa ressorts tunisie, ressort tunisie, fabrication de ressorts tunisie, fils m\u00e9talliques tunisie,ressorts industriels tunisie, ressort de compression tunisie, ressort de traction tunisie, ressort de torsion tunisie, ressort sur-mesure tunisie, ressort de forme tunisie, collier de serrage tunisie, elingue de s\u00e9curit\u00e9 tunisie, tapis m\u00e9tallique tunisie, filetage tunisie, grilles m\u00e9talliques tunisie, fabrication de grilles m\u00e9tallique tunisie, :[fr]mtibaa ressorts tunisia, tunisia spring, manufacture of springs tunisia, metal wire tunisia, industrial springs tunisia, tunisia compression spring, tunisia extension spring, torsion spring tunisia, tailor-made spring tunisia, tunisia shape spring, tunisia clamp, tunisia clamp, security sling tunisia, metallic carpet tunisia, tunisia thread, metal grids tunisia, manufacturing of metal grids tunisia, :[en]","robots":{"index":"index","follow":"follow","max-snippet":"max-snippet:-1","max-image-preview":"max-image-preview:large","max-video-preview":"max-video-preview:-1"},"canonical":"https:\/\/www.mtibaa-ressorts.com\/en\/news\/","og_locale":"en_US","og_type":"article","og_title":"News | Mtibaa Ressorts Tunisie","og_description":"mtibaa ressorts tunisie, ressort tunisie, fabrication de ressorts tunisie, fils m\u00e9talliques tunisie,ressorts industriels tunisie, ressort de compression tunisie, ressort de traction tunisie, ressort de torsion tunisie, ressort sur-mesure tunisie, ressort de forme tunisie, collier de serrage tunisie, elingue de s\u00e9curit\u00e9 tunisie, tapis m\u00e9tallique tunisie, filetage tunisie, grilles m\u00e9talliques tunisie, fabrication de grilles m\u00e9tallique tunisie, :[fr]mtibaa ressorts tunisia, tunisia spring, manufacture of springs tunisia, metal wire tunisia, industrial springs tunisia, tunisia compression spring, tunisia extension spring, torsion spring tunisia, tailor-made spring tunisia, tunisia shape spring, tunisia clamp, tunisia clamp, security sling tunisia, metallic carpet tunisia, tunisia thread, metal grids tunisia, manufacturing of metal grids tunisia, :[en]","og_url":"https:\/\/www.mtibaa-ressorts.com\/en\/news\/","og_site_name":"Mtibaa Ressorts Tunisie","article_modified_time":"2021-12-02T07:40:12+00:00","twitter_card":"summary_large_image","twitter_misc":{"Est. reading time":"1 minute"},"schema":{"@context":"https:\/\/schema.org","@graph":[{"@type":"WebPage","@id":"https:\/\/www.mtibaa-ressorts.com\/en\/news\/","url":"https:\/\/www.mtibaa-ressorts.com\/en\/news\/","name":"News | Mtibaa Ressorts Tunisie","isPartOf":{"@id":"https:\/\/www.mtibaa-ressorts.com\/#website"},"datePublished":"2021-11-26T14:44:06+00:00","dateModified":"2021-12-02T07:40:12+00:00","description":"mtibaa ressorts tunisie, ressort tunisie, fabrication de ressorts tunisie, fils m\u00e9talliques tunisie,ressorts industriels tunisie, ressort de compression tunisie, ressort de traction tunisie, ressort de torsion tunisie, ressort sur-mesure tunisie, ressort de forme tunisie, collier de serrage tunisie, elingue de s\u00e9curit\u00e9 tunisie, tapis m\u00e9tallique tunisie, filetage tunisie, grilles m\u00e9talliques tunisie, fabrication de grilles m\u00e9tallique tunisie, :[fr]mtibaa ressorts tunisia, tunisia spring, manufacture of springs tunisia, metal wire tunisia, industrial springs tunisia, tunisia compression spring, tunisia extension spring, torsion spring tunisia, tailor-made spring tunisia, tunisia shape spring, tunisia clamp, tunisia clamp, security sling tunisia, metallic carpet tunisia, tunisia thread, metal grids tunisia, manufacturing of metal grids tunisia, :[en]","breadcrumb":{"@id":"https:\/\/www.mtibaa-ressorts.com\/en\/news\/#breadcrumb"},"inLanguage":"en-US","potentialAction":[{"@type":"ReadAction","target":["https:\/\/www.mtibaa-ressorts.com\/en\/news\/"]}]},{"@type":"BreadcrumbList","@id":"https:\/\/www.mtibaa-ressorts.com\/en\/news\/#breadcrumb","itemListElement":[{"@type":"ListItem","position":1,"name":"Accueil","item":"https:\/\/www.mtibaa-ressorts.com\/en\/"},{"@type":"ListItem","position":2,"name":"News"}]},{"@type":"WebSite","@id":"https:\/\/www.mtibaa-ressorts.com\/#website","url":"https:\/\/www.mtibaa-ressorts.com\/","name":"Mtibaa Ressorts Tunisie","description":"mtibaa ressorts tunisie, ressort tunisie, fabrication de ressorts tunisie, fils m\u00e9talliques tunisie,ressorts industriels tunisie, ressort de compression tunisie, ressort de traction tunisie, ressort de torsion tunisie, ressort sur-mesure tunisie, ressort de forme tunisie, collier de serrage tunisie, elingue de s\u00e9curit\u00e9 tunisie, tapis m\u00e9tallique tunisie, filetage tunisie, grilles m\u00e9talliques tunisie, fabrication de grilles m\u00e9tallique tunisie, :[fr]mtibaa ressorts tunisia, tunisia spring, manufacture of springs tunisia, metal wire tunisia, industrial springs tunisia, tunisia compression spring, tunisia extension spring, torsion spring tunisia, tailor-made spring tunisia, tunisia shape spring, tunisia clamp, tunisia clamp, security sling tunisia, metallic carpet tunisia, tunisia thread, metal grids tunisia, manufacturing of metal grids tunisia, :[en]","potentialAction":[{"@type":"SearchAction","target":{"@type":"EntryPoint","urlTemplate":"https:\/\/www.mtibaa-ressorts.com\/?s={search_term_string}"},"query-input":"required name=search_term_string"}],"inLanguage":"en-US"}]}},"_links":{"self":[{"href":"https:\/\/www.mtibaa-ressorts.com\/en\/wp-json\/wp\/v2\/pages\/2522"}],"collection":[{"href":"https:\/\/www.mtibaa-ressorts.com\/en\/wp-json\/wp\/v2\/pages"}],"about":[{"href":"https:\/\/www.mtibaa-ressorts.com\/en\/wp-json\/wp\/v2\/types\/page"}],"author":[{"embeddable":true,"href":"https:\/\/www.mtibaa-ressorts.com\/en\/wp-json\/wp\/v2\/users\/1"}],"replies":[{"embeddable":true,"href":"https:\/\/www.mtibaa-ressorts.com\/en\/wp-json\/wp\/v2\/comments?post=2522"}],"version-history":[{"count":1,"href":"https:\/\/www.mtibaa-ressorts.com\/en\/wp-json\/wp\/v2\/pages\/2522\/revisions"}],"predecessor-version":[{"id":3060,"href":"https:\/\/www.mtibaa-ressorts.com\/en\/wp-json\/wp\/v2\/pages\/2522\/revisions\/3060"}],"wp:attachment":[{"href":"https:\/\/www.mtibaa-ressorts.com\/en\/wp-json\/wp\/v2\/media?parent=2522"}],"curies":[{"name":"wp","href":"https:\/\/api.w.org\/{rel}","templated":true}]}}