{"id":2523,"date":"2021-11-26T15:50:05","date_gmt":"2021-11-26T14:50:05","guid":{"rendered":"https:\/\/industrie.mediatd.com\/divers\/mtibaa\/contact\/"},"modified":"2021-12-02T08:44:44","modified_gmt":"2021-12-02T07:44:44","slug":"contact","status":"publish","type":"page","link":"https:\/\/www.mtibaa-ressorts.com\/en\/contact\/","title":{"rendered":"Contact"},"content":{"rendered":"<p>[vc_row full_width=&#8221;stretch_row_content&#8221; css=&#8221;.vc_custom_1638388604200{margin-top: 0px !important;margin-right: 0px !important;margin-bottom: 0px !important;margin-left: 0px !important;border-top-width: 0px !important;border-right-width: 0px !important;border-bottom-width: 0px !important;border-left-width: 0px !important;padding-top: 0px !important;padding-right: 0px !important;padding-bottom: 0px !important;padding-left: 0px !important;background-image: url(https:\/\/www.mtibaa-ressorts.com\/wp-content\/uploads\/2021\/11\/contact.jpg?id=2748) !important;background-position: center !important;background-repeat: no-repeat !important;background-size: cover !important;}&#8221; el_class=&#8221;page-banner&#8221;][vc_column][\/vc_column][\/vc_row][vc_row el_class=&#8221;page-titre&#8221;][vc_column][vc_column_text css_animation=&#8221;top-to-bottom&#8221;]<\/p>\n<h2>Contact<\/h2>\n<p>[\/vc_column_text][\/vc_column][\/vc_row][vc_row][vc_column width=&#8221;5\/12&#8243; css=&#8221;.vc_custom_1508324578283{padding-top: 25px !important;}&#8221;][lab_heading title_tag=&#8221;H3&#8243; title=&#8221;Keep in touch&#8221;]Contact our company to make your ideas come true.[\/lab_heading][lab_contact_form name_title=&#8221;Nom:&#8221; show_subject_field=&#8221;yes&#8221; subject_title=&#8221;Sujet:&#8221; submit_title=&#8221;Envoyer Message&#8221; submit_success=&#8221;Merci #, message Envoyer!&#8221; alert_errors=&#8221;&#8221; subject_field_as_email_subject=&#8221;yes&#8221; enable_recaptcha=&#8221;yes&#8221;][\/vc_column][vc_column width=&#8221;1\/12&#8243;][\/vc_column][vc_column width=&#8221;6\/12&#8243; el_class=&#8221;contact-map-column&#8221;][vc_column_text]<iframe loading=\"lazy\" style=\"border: 0;\" src=\"https:\/\/www.google.com\/maps\/embed?pb=!1m14!1m8!1m3!1d8002.935474489788!2d10.725583693391403!3d34.71144542951665!3m2!1i1024!2i768!4f13.1!3m3!1m2!1s0x13002c93e12cb225%3A0x8cb079b6e6aca1ca!2skm%204%20Rte%20de%20Gabes%2C%20Sfax!5e1!3m2!1sen!2stn!4v1638431029892!5m2!1sen!2stn\" width=\"100%\" height=\"600\" allowfullscreen=\"allowfullscreen\"><\/iframe>[\/vc_column_text][\/vc_column][\/vc_row]<\/p>\n","protected":false},"excerpt":{"rendered":"<p>[vc_row full_width=&#8221;stretch_row_content&#8221; css=&#8221;.vc_custom_1638388604200{margin-top: 0px !important;margin-right: 0px !important;margin-bottom: 0px !important;margin-left: 0px !important;border-top-width: 0px !important;border-right-width: 0px !important;border-bottom-width: 0px !important;border-left-width: 0px !important;padding-top: 0px !important;padding-right: 0px !important;padding-bottom: 0px !important;padding-left: 0px !important;background-image: url(https:\/\/www.mtibaa-ressorts.com\/wp-content\/uploads\/2021\/11\/contact.jpg?id=2748) !important;background-position: center !important;background-repeat: no-repeat !important;background-size: cover !important;}&#8221; el_class=&#8221;page-banner&#8221;][vc_column][\/vc_column][\/vc_row][vc_row el_class=&#8221;page-titre&#8221;][vc_column][vc_column_text css_animation=&#8221;top-to-bottom&#8221;] Contact [\/vc_column_text][\/vc_column][\/vc_row][vc_row][vc_column width=&#8221;5\/12&#8243; css=&#8221;.vc_custom_1508324578283{padding-top: 25px !important;}&#8221;][lab_heading title_tag=&#8221;H3&#8243; title=&#8221;Keep in touch&#8221;]Contact our company to make your ideas come&hellip;<\/p>\n","protected":false},"author":1,"featured_media":0,"parent":0,"menu_order":0,"comment_status":"closed","ping_status":"closed","template":"","meta":[],"yoast_head":"<!-- This site is optimized with the Yoast SEO plugin v19.9 - https:\/\/yoast.com\/wordpress\/plugins\/seo\/ -->\n<title>Contact | Mtibaa Ressorts Tunisie<\/title>\n<meta name=\"description\" content=\"mtibaa ressorts tunisie, ressort tunisie, fabrication de ressorts tunisie, fils m\u00e9talliques tunisie,ressorts industriels tunisie, ressort de compression tunisie, ressort de traction tunisie, ressort de torsion tunisie, ressort sur-mesure tunisie, ressort de forme tunisie, collier de serrage tunisie, elingue de s\u00e9curit\u00e9 tunisie, tapis m\u00e9tallique tunisie, filetage tunisie, grilles m\u00e9talliques tunisie, fabrication de grilles m\u00e9tallique tunisie, :[fr]mtibaa ressorts tunisia, tunisia spring, manufacture of springs tunisia, metal wire tunisia, industrial springs tunisia, tunisia compression spring, tunisia extension spring, torsion spring tunisia, tailor-made spring tunisia, tunisia shape spring, tunisia clamp, tunisia clamp, security sling tunisia, metallic carpet tunisia, tunisia thread, metal grids tunisia, manufacturing of metal grids tunisia, :[en]\" \/>\n<meta name=\"robots\" content=\"index, follow, max-snippet:-1, max-image-preview:large, max-video-preview:-1\" \/>\n<link rel=\"canonical\" href=\"https:\/\/www.mtibaa-ressorts.com\/en\/contact\/\" \/>\n<meta property=\"og:locale\" content=\"en_US\" \/>\n<meta property=\"og:type\" content=\"article\" \/>\n<meta property=\"og:title\" content=\"Contact | Mtibaa Ressorts Tunisie\" \/>\n<meta property=\"og:description\" content=\"mtibaa ressorts tunisie, ressort tunisie, fabrication de ressorts tunisie, fils m\u00e9talliques tunisie,ressorts industriels tunisie, ressort de compression tunisie, ressort de traction tunisie, ressort de torsion tunisie, ressort sur-mesure tunisie, ressort de forme tunisie, collier de serrage tunisie, elingue de s\u00e9curit\u00e9 tunisie, tapis m\u00e9tallique tunisie, filetage tunisie, grilles m\u00e9talliques tunisie, fabrication de grilles m\u00e9tallique tunisie, :[fr]mtibaa ressorts tunisia, tunisia spring, manufacture of springs tunisia, metal wire tunisia, industrial springs tunisia, tunisia compression spring, tunisia extension spring, torsion spring tunisia, tailor-made spring tunisia, tunisia shape spring, tunisia clamp, tunisia clamp, security sling tunisia, metallic carpet tunisia, tunisia thread, metal grids tunisia, manufacturing of metal grids tunisia, :[en]\" \/>\n<meta property=\"og:url\" content=\"https:\/\/www.mtibaa-ressorts.com\/en\/contact\/\" \/>\n<meta property=\"og:site_name\" content=\"Mtibaa Ressorts Tunisie\" \/>\n<meta property=\"article:modified_time\" content=\"2021-12-02T07:44:44+00:00\" \/>\n<meta name=\"twitter:card\" content=\"summary_large_image\" \/>\n<meta name=\"twitter:label1\" content=\"Est. reading time\" \/>\n\t<meta name=\"twitter:data1\" content=\"1 minute\" \/>\n<script type=\"application\/ld+json\" class=\"yoast-schema-graph\">{\"@context\":\"https:\/\/schema.org\",\"@graph\":[{\"@type\":\"WebPage\",\"@id\":\"https:\/\/www.mtibaa-ressorts.com\/en\/contact\/\",\"url\":\"https:\/\/www.mtibaa-ressorts.com\/en\/contact\/\",\"name\":\"Contact | Mtibaa Ressorts Tunisie\",\"isPartOf\":{\"@id\":\"https:\/\/www.mtibaa-ressorts.com\/#website\"},\"datePublished\":\"2021-11-26T14:50:05+00:00\",\"dateModified\":\"2021-12-02T07:44:44+00:00\",\"description\":\"mtibaa ressorts tunisie, ressort tunisie, fabrication de ressorts tunisie, fils m\u00e9talliques tunisie,ressorts industriels tunisie, ressort de compression tunisie, ressort de traction tunisie, ressort de torsion tunisie, ressort sur-mesure tunisie, ressort de forme tunisie, collier de serrage tunisie, elingue de s\u00e9curit\u00e9 tunisie, tapis m\u00e9tallique tunisie, filetage tunisie, grilles m\u00e9talliques tunisie, fabrication de grilles m\u00e9tallique tunisie, :[fr]mtibaa ressorts tunisia, tunisia spring, manufacture of springs tunisia, metal wire tunisia, industrial springs tunisia, tunisia compression spring, tunisia extension spring, torsion spring tunisia, tailor-made spring tunisia, tunisia shape spring, tunisia clamp, tunisia clamp, security sling tunisia, metallic carpet tunisia, tunisia thread, metal grids tunisia, manufacturing of metal grids tunisia, :[en]\",\"breadcrumb\":{\"@id\":\"https:\/\/www.mtibaa-ressorts.com\/en\/contact\/#breadcrumb\"},\"inLanguage\":\"en-US\",\"potentialAction\":[{\"@type\":\"ReadAction\",\"target\":[\"https:\/\/www.mtibaa-ressorts.com\/en\/contact\/\"]}]},{\"@type\":\"BreadcrumbList\",\"@id\":\"https:\/\/www.mtibaa-ressorts.com\/en\/contact\/#breadcrumb\",\"itemListElement\":[{\"@type\":\"ListItem\",\"position\":1,\"name\":\"Accueil\",\"item\":\"https:\/\/www.mtibaa-ressorts.com\/en\/\"},{\"@type\":\"ListItem\",\"position\":2,\"name\":\"Contact\"}]},{\"@type\":\"WebSite\",\"@id\":\"https:\/\/www.mtibaa-ressorts.com\/#website\",\"url\":\"https:\/\/www.mtibaa-ressorts.com\/\",\"name\":\"Mtibaa Ressorts Tunisie\",\"description\":\"mtibaa ressorts tunisie, ressort tunisie, fabrication de ressorts tunisie, fils m\u00e9talliques tunisie,ressorts industriels tunisie, ressort de compression tunisie, ressort de traction tunisie, ressort de torsion tunisie, ressort sur-mesure tunisie, ressort de forme tunisie, collier de serrage tunisie, elingue de s\u00e9curit\u00e9 tunisie, tapis m\u00e9tallique tunisie, filetage tunisie, grilles m\u00e9talliques tunisie, fabrication de grilles m\u00e9tallique tunisie, :[fr]mtibaa ressorts tunisia, tunisia spring, manufacture of springs tunisia, metal wire tunisia, industrial springs tunisia, tunisia compression spring, tunisia extension spring, torsion spring tunisia, tailor-made spring tunisia, tunisia shape spring, tunisia clamp, tunisia clamp, security sling tunisia, metallic carpet tunisia, tunisia thread, metal grids tunisia, manufacturing of metal grids tunisia, :[en]\",\"potentialAction\":[{\"@type\":\"SearchAction\",\"target\":{\"@type\":\"EntryPoint\",\"urlTemplate\":\"https:\/\/www.mtibaa-ressorts.com\/?s={search_term_string}\"},\"query-input\":\"required name=search_term_string\"}],\"inLanguage\":\"en-US\"}]}<\/script>\n<!-- \/ Yoast SEO plugin. -->","yoast_head_json":{"title":"Contact | Mtibaa Ressorts Tunisie","description":"mtibaa ressorts tunisie, ressort tunisie, fabrication de ressorts tunisie, fils m\u00e9talliques tunisie,ressorts industriels tunisie, ressort de compression tunisie, ressort de traction tunisie, ressort de torsion tunisie, ressort sur-mesure tunisie, ressort de forme tunisie, collier de serrage tunisie, elingue de s\u00e9curit\u00e9 tunisie, tapis m\u00e9tallique tunisie, filetage tunisie, grilles m\u00e9talliques tunisie, fabrication de grilles m\u00e9tallique tunisie, :[fr]mtibaa ressorts tunisia, tunisia spring, manufacture of springs tunisia, metal wire tunisia, industrial springs tunisia, tunisia compression spring, tunisia extension spring, torsion spring tunisia, tailor-made spring tunisia, tunisia shape spring, tunisia clamp, tunisia clamp, security sling tunisia, metallic carpet tunisia, tunisia thread, metal grids tunisia, manufacturing of metal grids tunisia, :[en]","robots":{"index":"index","follow":"follow","max-snippet":"max-snippet:-1","max-image-preview":"max-image-preview:large","max-video-preview":"max-video-preview:-1"},"canonical":"https:\/\/www.mtibaa-ressorts.com\/en\/contact\/","og_locale":"en_US","og_type":"article","og_title":"Contact | Mtibaa Ressorts Tunisie","og_description":"mtibaa ressorts tunisie, ressort tunisie, fabrication de ressorts tunisie, fils m\u00e9talliques tunisie,ressorts industriels tunisie, ressort de compression tunisie, ressort de traction tunisie, ressort de torsion tunisie, ressort sur-mesure tunisie, ressort de forme tunisie, collier de serrage tunisie, elingue de s\u00e9curit\u00e9 tunisie, tapis m\u00e9tallique tunisie, filetage tunisie, grilles m\u00e9talliques tunisie, fabrication de grilles m\u00e9tallique tunisie, :[fr]mtibaa ressorts tunisia, tunisia spring, manufacture of springs tunisia, metal wire tunisia, industrial springs tunisia, tunisia compression spring, tunisia extension spring, torsion spring tunisia, tailor-made spring tunisia, tunisia shape spring, tunisia clamp, tunisia clamp, security sling tunisia, metallic carpet tunisia, tunisia thread, metal grids tunisia, manufacturing of metal grids tunisia, :[en]","og_url":"https:\/\/www.mtibaa-ressorts.com\/en\/contact\/","og_site_name":"Mtibaa Ressorts Tunisie","article_modified_time":"2021-12-02T07:44:44+00:00","twitter_card":"summary_large_image","twitter_misc":{"Est. reading time":"1 minute"},"schema":{"@context":"https:\/\/schema.org","@graph":[{"@type":"WebPage","@id":"https:\/\/www.mtibaa-ressorts.com\/en\/contact\/","url":"https:\/\/www.mtibaa-ressorts.com\/en\/contact\/","name":"Contact | Mtibaa Ressorts Tunisie","isPartOf":{"@id":"https:\/\/www.mtibaa-ressorts.com\/#website"},"datePublished":"2021-11-26T14:50:05+00:00","dateModified":"2021-12-02T07:44:44+00:00","description":"mtibaa ressorts tunisie, ressort tunisie, fabrication de ressorts tunisie, fils m\u00e9talliques tunisie,ressorts industriels tunisie, ressort de compression tunisie, ressort de traction tunisie, ressort de torsion tunisie, ressort sur-mesure tunisie, ressort de forme tunisie, collier de serrage tunisie, elingue de s\u00e9curit\u00e9 tunisie, tapis m\u00e9tallique tunisie, filetage tunisie, grilles m\u00e9talliques tunisie, fabrication de grilles m\u00e9tallique tunisie, :[fr]mtibaa ressorts tunisia, tunisia spring, manufacture of springs tunisia, metal wire tunisia, industrial springs tunisia, tunisia compression spring, tunisia extension spring, torsion spring tunisia, tailor-made spring tunisia, tunisia shape spring, tunisia clamp, tunisia clamp, security sling tunisia, metallic carpet tunisia, tunisia thread, metal grids tunisia, manufacturing of metal grids tunisia, :[en]","breadcrumb":{"@id":"https:\/\/www.mtibaa-ressorts.com\/en\/contact\/#breadcrumb"},"inLanguage":"en-US","potentialAction":[{"@type":"ReadAction","target":["https:\/\/www.mtibaa-ressorts.com\/en\/contact\/"]}]},{"@type":"BreadcrumbList","@id":"https:\/\/www.mtibaa-ressorts.com\/en\/contact\/#breadcrumb","itemListElement":[{"@type":"ListItem","position":1,"name":"Accueil","item":"https:\/\/www.mtibaa-ressorts.com\/en\/"},{"@type":"ListItem","position":2,"name":"Contact"}]},{"@type":"WebSite","@id":"https:\/\/www.mtibaa-ressorts.com\/#website","url":"https:\/\/www.mtibaa-ressorts.com\/","name":"Mtibaa Ressorts Tunisie","description":"mtibaa ressorts tunisie, ressort tunisie, fabrication de ressorts tunisie, fils m\u00e9talliques tunisie,ressorts industriels tunisie, ressort de compression tunisie, ressort de traction tunisie, ressort de torsion tunisie, ressort sur-mesure tunisie, ressort de forme tunisie, collier de serrage tunisie, elingue de s\u00e9curit\u00e9 tunisie, tapis m\u00e9tallique tunisie, filetage tunisie, grilles m\u00e9talliques tunisie, fabrication de grilles m\u00e9tallique tunisie, :[fr]mtibaa ressorts tunisia, tunisia spring, manufacture of springs tunisia, metal wire tunisia, industrial springs tunisia, tunisia compression spring, tunisia extension spring, torsion spring tunisia, tailor-made spring tunisia, tunisia shape spring, tunisia clamp, tunisia clamp, security sling tunisia, metallic carpet tunisia, tunisia thread, metal grids tunisia, manufacturing of metal grids tunisia, :[en]","potentialAction":[{"@type":"SearchAction","target":{"@type":"EntryPoint","urlTemplate":"https:\/\/www.mtibaa-ressorts.com\/?s={search_term_string}"},"query-input":"required name=search_term_string"}],"inLanguage":"en-US"}]}},"_links":{"self":[{"href":"https:\/\/www.mtibaa-ressorts.com\/en\/wp-json\/wp\/v2\/pages\/2523"}],"collection":[{"href":"https:\/\/www.mtibaa-ressorts.com\/en\/wp-json\/wp\/v2\/pages"}],"about":[{"href":"https:\/\/www.mtibaa-ressorts.com\/en\/wp-json\/wp\/v2\/types\/page"}],"author":[{"embeddable":true,"href":"https:\/\/www.mtibaa-ressorts.com\/en\/wp-json\/wp\/v2\/users\/1"}],"replies":[{"embeddable":true,"href":"https:\/\/www.mtibaa-ressorts.com\/en\/wp-json\/wp\/v2\/comments?post=2523"}],"version-history":[{"count":2,"href":"https:\/\/www.mtibaa-ressorts.com\/en\/wp-json\/wp\/v2\/pages\/2523\/revisions"}],"predecessor-version":[{"id":3062,"href":"https:\/\/www.mtibaa-ressorts.com\/en\/wp-json\/wp\/v2\/pages\/2523\/revisions\/3062"}],"wp:attachment":[{"href":"https:\/\/www.mtibaa-ressorts.com\/en\/wp-json\/wp\/v2\/media?parent=2523"}],"curies":[{"name":"wp","href":"https:\/\/api.w.org\/{rel}","templated":true}]}}