{"id":2524,"date":"2021-11-26T15:55:45","date_gmt":"2021-11-26T14:55:45","guid":{"rendered":"https:\/\/industrie.mediatd.com\/divers\/mtibaa\/quotation\/"},"modified":"2021-12-01T09:52:51","modified_gmt":"2021-12-01T08:52:51","slug":"quotation","status":"publish","type":"page","link":"https:\/\/www.mtibaa-ressorts.com\/en\/quotation\/","title":{"rendered":"Quote request"},"content":{"rendered":"","protected":false},"excerpt":{"rendered":"","protected":false},"author":1,"featured_media":0,"parent":0,"menu_order":0,"comment_status":"closed","ping_status":"closed","template":"","meta":[],"yoast_head":"<!-- This site is optimized with the Yoast SEO plugin v19.9 - https:\/\/yoast.com\/wordpress\/plugins\/seo\/ -->\n<title>Quote request | Mtibaa Ressorts Tunisie<\/title>\n<meta name=\"description\" content=\"mtibaa ressorts tunisie, ressort tunisie, fabrication de ressorts tunisie, fils m\u00e9talliques tunisie,ressorts industriels tunisie, ressort de compression tunisie, ressort de traction tunisie, ressort de torsion tunisie, ressort sur-mesure tunisie, ressort de forme tunisie, collier de serrage tunisie, elingue de s\u00e9curit\u00e9 tunisie, tapis m\u00e9tallique tunisie, filetage tunisie, grilles m\u00e9talliques tunisie, fabrication de grilles m\u00e9tallique tunisie, :[fr]mtibaa ressorts tunisia, tunisia spring, manufacture of springs tunisia, metal wire tunisia, industrial springs tunisia, tunisia compression spring, tunisia extension spring, torsion spring tunisia, tailor-made spring tunisia, tunisia shape spring, tunisia clamp, tunisia clamp, security sling tunisia, metallic carpet tunisia, tunisia thread, metal grids tunisia, manufacturing of metal grids tunisia, :[en]\" \/>\n<meta name=\"robots\" content=\"index, follow, max-snippet:-1, max-image-preview:large, max-video-preview:-1\" \/>\n<link rel=\"canonical\" href=\"https:\/\/www.mtibaa-ressorts.com\/en\/quotation\/\" \/>\n<meta property=\"og:locale\" content=\"en_US\" \/>\n<meta property=\"og:type\" content=\"article\" \/>\n<meta property=\"og:title\" content=\"Quote request | Mtibaa Ressorts Tunisie\" \/>\n<meta property=\"og:description\" content=\"mtibaa ressorts tunisie, ressort tunisie, fabrication de ressorts tunisie, fils m\u00e9talliques tunisie,ressorts industriels tunisie, ressort de compression tunisie, ressort de traction tunisie, ressort de torsion tunisie, ressort sur-mesure tunisie, ressort de forme tunisie, collier de serrage tunisie, elingue de s\u00e9curit\u00e9 tunisie, tapis m\u00e9tallique tunisie, filetage tunisie, grilles m\u00e9talliques tunisie, fabrication de grilles m\u00e9tallique tunisie, :[fr]mtibaa ressorts tunisia, tunisia spring, manufacture of springs tunisia, metal wire tunisia, industrial springs tunisia, tunisia compression spring, tunisia extension spring, torsion spring tunisia, tailor-made spring tunisia, tunisia shape spring, tunisia clamp, tunisia clamp, security sling tunisia, metallic carpet tunisia, tunisia thread, metal grids tunisia, manufacturing of metal grids tunisia, :[en]\" \/>\n<meta property=\"og:url\" content=\"https:\/\/www.mtibaa-ressorts.com\/en\/quotation\/\" \/>\n<meta property=\"og:site_name\" content=\"Mtibaa Ressorts Tunisie\" \/>\n<meta property=\"article:modified_time\" content=\"2021-12-01T08:52:51+00:00\" \/>\n<meta name=\"twitter:card\" content=\"summary_large_image\" \/>\n<script type=\"application\/ld+json\" class=\"yoast-schema-graph\">{\"@context\":\"https:\/\/schema.org\",\"@graph\":[{\"@type\":\"WebPage\",\"@id\":\"https:\/\/www.mtibaa-ressorts.com\/en\/quotation\/\",\"url\":\"https:\/\/www.mtibaa-ressorts.com\/en\/quotation\/\",\"name\":\"Quote request | Mtibaa Ressorts Tunisie\",\"isPartOf\":{\"@id\":\"https:\/\/www.mtibaa-ressorts.com\/#website\"},\"datePublished\":\"2021-11-26T14:55:45+00:00\",\"dateModified\":\"2021-12-01T08:52:51+00:00\",\"description\":\"mtibaa ressorts tunisie, ressort tunisie, fabrication de ressorts tunisie, fils m\u00e9talliques tunisie,ressorts industriels tunisie, ressort de compression tunisie, ressort de traction tunisie, ressort de torsion tunisie, ressort sur-mesure tunisie, ressort de forme tunisie, collier de serrage tunisie, elingue de s\u00e9curit\u00e9 tunisie, tapis m\u00e9tallique tunisie, filetage tunisie, grilles m\u00e9talliques tunisie, fabrication de grilles m\u00e9tallique tunisie, :[fr]mtibaa ressorts tunisia, tunisia spring, manufacture of springs tunisia, metal wire tunisia, industrial springs tunisia, tunisia compression spring, tunisia extension spring, torsion spring tunisia, tailor-made spring tunisia, tunisia shape spring, tunisia clamp, tunisia clamp, security sling tunisia, metallic carpet tunisia, tunisia thread, metal grids tunisia, manufacturing of metal grids tunisia, :[en]\",\"breadcrumb\":{\"@id\":\"https:\/\/www.mtibaa-ressorts.com\/en\/quotation\/#breadcrumb\"},\"inLanguage\":\"en-US\",\"potentialAction\":[{\"@type\":\"ReadAction\",\"target\":[\"https:\/\/www.mtibaa-ressorts.com\/en\/quotation\/\"]}]},{\"@type\":\"BreadcrumbList\",\"@id\":\"https:\/\/www.mtibaa-ressorts.com\/en\/quotation\/#breadcrumb\",\"itemListElement\":[{\"@type\":\"ListItem\",\"position\":1,\"name\":\"Accueil\",\"item\":\"https:\/\/www.mtibaa-ressorts.com\/en\/\"},{\"@type\":\"ListItem\",\"position\":2,\"name\":\"Quote request\"}]},{\"@type\":\"WebSite\",\"@id\":\"https:\/\/www.mtibaa-ressorts.com\/#website\",\"url\":\"https:\/\/www.mtibaa-ressorts.com\/\",\"name\":\"Mtibaa Ressorts Tunisie\",\"description\":\"mtibaa ressorts tunisie, ressort tunisie, fabrication de ressorts tunisie, fils m\u00e9talliques tunisie,ressorts industriels tunisie, ressort de compression tunisie, ressort de traction tunisie, ressort de torsion tunisie, ressort sur-mesure tunisie, ressort de forme tunisie, collier de serrage tunisie, elingue de s\u00e9curit\u00e9 tunisie, tapis m\u00e9tallique tunisie, filetage tunisie, grilles m\u00e9talliques tunisie, fabrication de grilles m\u00e9tallique tunisie, :[fr]mtibaa ressorts tunisia, tunisia spring, manufacture of springs tunisia, metal wire tunisia, industrial springs tunisia, tunisia compression spring, tunisia extension spring, torsion spring tunisia, tailor-made spring tunisia, tunisia shape spring, tunisia clamp, tunisia clamp, security sling tunisia, metallic carpet tunisia, tunisia thread, metal grids tunisia, manufacturing of metal grids tunisia, :[en]\",\"potentialAction\":[{\"@type\":\"SearchAction\",\"target\":{\"@type\":\"EntryPoint\",\"urlTemplate\":\"https:\/\/www.mtibaa-ressorts.com\/?s={search_term_string}\"},\"query-input\":\"required name=search_term_string\"}],\"inLanguage\":\"en-US\"}]}<\/script>\n<!-- \/ Yoast SEO plugin. -->","yoast_head_json":{"title":"Quote request | Mtibaa Ressorts Tunisie","description":"mtibaa ressorts tunisie, ressort tunisie, fabrication de ressorts tunisie, fils m\u00e9talliques tunisie,ressorts industriels tunisie, ressort de compression tunisie, ressort de traction tunisie, ressort de torsion tunisie, ressort sur-mesure tunisie, ressort de forme tunisie, collier de serrage tunisie, elingue de s\u00e9curit\u00e9 tunisie, tapis m\u00e9tallique tunisie, filetage tunisie, grilles m\u00e9talliques tunisie, fabrication de grilles m\u00e9tallique tunisie, :[fr]mtibaa ressorts tunisia, tunisia spring, manufacture of springs tunisia, metal wire tunisia, industrial springs tunisia, tunisia compression spring, tunisia extension spring, torsion spring tunisia, tailor-made spring tunisia, tunisia shape spring, tunisia clamp, tunisia clamp, security sling tunisia, metallic carpet tunisia, tunisia thread, metal grids tunisia, manufacturing of metal grids tunisia, :[en]","robots":{"index":"index","follow":"follow","max-snippet":"max-snippet:-1","max-image-preview":"max-image-preview:large","max-video-preview":"max-video-preview:-1"},"canonical":"https:\/\/www.mtibaa-ressorts.com\/en\/quotation\/","og_locale":"en_US","og_type":"article","og_title":"Quote request | Mtibaa Ressorts Tunisie","og_description":"mtibaa ressorts tunisie, ressort tunisie, fabrication de ressorts tunisie, fils m\u00e9talliques tunisie,ressorts industriels tunisie, ressort de compression tunisie, ressort de traction tunisie, ressort de torsion tunisie, ressort sur-mesure tunisie, ressort de forme tunisie, collier de serrage tunisie, elingue de s\u00e9curit\u00e9 tunisie, tapis m\u00e9tallique tunisie, filetage tunisie, grilles m\u00e9talliques tunisie, fabrication de grilles m\u00e9tallique tunisie, :[fr]mtibaa ressorts tunisia, tunisia spring, manufacture of springs tunisia, metal wire tunisia, industrial springs tunisia, tunisia compression spring, tunisia extension spring, torsion spring tunisia, tailor-made spring tunisia, tunisia shape spring, tunisia clamp, tunisia clamp, security sling tunisia, metallic carpet tunisia, tunisia thread, metal grids tunisia, manufacturing of metal grids tunisia, :[en]","og_url":"https:\/\/www.mtibaa-ressorts.com\/en\/quotation\/","og_site_name":"Mtibaa Ressorts Tunisie","article_modified_time":"2021-12-01T08:52:51+00:00","twitter_card":"summary_large_image","schema":{"@context":"https:\/\/schema.org","@graph":[{"@type":"WebPage","@id":"https:\/\/www.mtibaa-ressorts.com\/en\/quotation\/","url":"https:\/\/www.mtibaa-ressorts.com\/en\/quotation\/","name":"Quote request | Mtibaa Ressorts Tunisie","isPartOf":{"@id":"https:\/\/www.mtibaa-ressorts.com\/#website"},"datePublished":"2021-11-26T14:55:45+00:00","dateModified":"2021-12-01T08:52:51+00:00","description":"mtibaa ressorts tunisie, ressort tunisie, fabrication de ressorts tunisie, fils m\u00e9talliques tunisie,ressorts industriels tunisie, ressort de compression tunisie, ressort de traction tunisie, ressort de torsion tunisie, ressort sur-mesure tunisie, ressort de forme tunisie, collier de serrage tunisie, elingue de s\u00e9curit\u00e9 tunisie, tapis m\u00e9tallique tunisie, filetage tunisie, grilles m\u00e9talliques tunisie, fabrication de grilles m\u00e9tallique tunisie, :[fr]mtibaa ressorts tunisia, tunisia spring, manufacture of springs tunisia, metal wire tunisia, industrial springs tunisia, tunisia compression spring, tunisia extension spring, torsion spring tunisia, tailor-made spring tunisia, tunisia shape spring, tunisia clamp, tunisia clamp, security sling tunisia, metallic carpet tunisia, tunisia thread, metal grids tunisia, manufacturing of metal grids tunisia, :[en]","breadcrumb":{"@id":"https:\/\/www.mtibaa-ressorts.com\/en\/quotation\/#breadcrumb"},"inLanguage":"en-US","potentialAction":[{"@type":"ReadAction","target":["https:\/\/www.mtibaa-ressorts.com\/en\/quotation\/"]}]},{"@type":"BreadcrumbList","@id":"https:\/\/www.mtibaa-ressorts.com\/en\/quotation\/#breadcrumb","itemListElement":[{"@type":"ListItem","position":1,"name":"Accueil","item":"https:\/\/www.mtibaa-ressorts.com\/en\/"},{"@type":"ListItem","position":2,"name":"Quote request"}]},{"@type":"WebSite","@id":"https:\/\/www.mtibaa-ressorts.com\/#website","url":"https:\/\/www.mtibaa-ressorts.com\/","name":"Mtibaa Ressorts Tunisie","description":"mtibaa ressorts tunisie, ressort tunisie, fabrication de ressorts tunisie, fils m\u00e9talliques tunisie,ressorts industriels tunisie, ressort de compression tunisie, ressort de traction tunisie, ressort de torsion tunisie, ressort sur-mesure tunisie, ressort de forme tunisie, collier de serrage tunisie, elingue de s\u00e9curit\u00e9 tunisie, tapis m\u00e9tallique tunisie, filetage tunisie, grilles m\u00e9talliques tunisie, fabrication de grilles m\u00e9tallique tunisie, :[fr]mtibaa ressorts tunisia, tunisia spring, manufacture of springs tunisia, metal wire tunisia, industrial springs tunisia, tunisia compression spring, tunisia extension spring, torsion spring tunisia, tailor-made spring tunisia, tunisia shape spring, tunisia clamp, tunisia clamp, security sling tunisia, metallic carpet tunisia, tunisia thread, metal grids tunisia, manufacturing of metal grids tunisia, :[en]","potentialAction":[{"@type":"SearchAction","target":{"@type":"EntryPoint","urlTemplate":"https:\/\/www.mtibaa-ressorts.com\/?s={search_term_string}"},"query-input":"required name=search_term_string"}],"inLanguage":"en-US"}]}},"_links":{"self":[{"href":"https:\/\/www.mtibaa-ressorts.com\/en\/wp-json\/wp\/v2\/pages\/2524"}],"collection":[{"href":"https:\/\/www.mtibaa-ressorts.com\/en\/wp-json\/wp\/v2\/pages"}],"about":[{"href":"https:\/\/www.mtibaa-ressorts.com\/en\/wp-json\/wp\/v2\/types\/page"}],"author":[{"embeddable":true,"href":"https:\/\/www.mtibaa-ressorts.com\/en\/wp-json\/wp\/v2\/users\/1"}],"replies":[{"embeddable":true,"href":"https:\/\/www.mtibaa-ressorts.com\/en\/wp-json\/wp\/v2\/comments?post=2524"}],"version-history":[{"count":3,"href":"https:\/\/www.mtibaa-ressorts.com\/en\/wp-json\/wp\/v2\/pages\/2524\/revisions"}],"predecessor-version":[{"id":2912,"href":"https:\/\/www.mtibaa-ressorts.com\/en\/wp-json\/wp\/v2\/pages\/2524\/revisions\/2912"}],"wp:attachment":[{"href":"https:\/\/www.mtibaa-ressorts.com\/en\/wp-json\/wp\/v2\/media?parent=2524"}],"curies":[{"name":"wp","href":"https:\/\/api.w.org\/{rel}","templated":true}]}}